{"id":124356,"date":"2024-11-18T09:34:55","date_gmt":"2024-11-18T14:34:55","guid":{"rendered":"https:\/\/vermontmedellin.edu.co\/?page_id=124356"},"modified":"2025-03-04T23:56:42","modified_gmt":"2025-03-05T04:56:42","slug":"exalumnos","status":"publish","type":"page","link":"https:\/\/vermontmedellin.edu.co\/es\/exalumnos\/","title":{"rendered":"Exalumnos"},"content":{"rendered":"\t\t<div data-elementor-type=\"wp-page\" data-elementor-id=\"124356\" class=\"elementor elementor-124356\" data-elementor-post-type=\"page\">\n\t\t\t\t<div class=\"elementor-element elementor-element-39bcdd7a e-con-full e-flex e-con e-child\" data-id=\"39bcdd7a\" data-element_type=\"container\" data-e-type=\"container\">\n\t\t\t\t<div class=\"elementor-element elementor-element-2da064c4 elementor-widget elementor-widget-image\" data-id=\"2da064c4\" data-element_type=\"widget\" data-e-type=\"widget\" data-widget_type=\"image.default\">\n\t\t\t\t<div class=\"elementor-widget-container\">\n\t\t\t\t\t\t\t\t\t\t\t\t\t\t\t<img decoding=\"async\" src=\"https:\/\/vermontmedellin.edu.co\/wp-content\/uploads\/sites\/35\/2025\/03\/exalumnos-banner.jpg?w=2048\" title=\"exalumnos-banner\" alt=\"exalumnos-banner\" loading=\"lazy\" \/>\t\t\t\t\t\t\t\t\t\t\t\t\t\t\t<\/div>\n\t\t\t\t<\/div>\n\t\t\t\t<\/div>\n\t\t<div class=\"elementor-element elementor-element-1ddc3338 e-flex e-con-boxed e-con e-parent\" data-id=\"1ddc3338\" data-element_type=\"container\" data-e-type=\"container\" data-settings=\"{&quot;background_background&quot;:&quot;classic&quot;}\">\n\t\t\t\t\t<div class=\"e-con-inner\">\n\t\t<div class=\"elementor-element elementor-element-d606fb4 e-con-full e-flex e-con e-child\" data-id=\"d606fb4\" data-element_type=\"container\" data-e-type=\"container\">\n\t\t<div class=\"elementor-element elementor-element-3e31e309 e-con-full e-flex e-con e-child\" data-id=\"3e31e309\" data-element_type=\"container\" data-e-type=\"container\">\n\t\t<div class=\"elementor-element elementor-element-605b645b e-con-full e-flex e-con e-child\" data-id=\"605b645b\" data-element_type=\"container\" data-e-type=\"container\">\n\t\t\t\t<div class=\"elementor-element elementor-element-5a01a29c elementor-widget elementor-widget-heading\" data-id=\"5a01a29c\" data-element_type=\"widget\" data-e-type=\"widget\" data-widget_type=\"heading.default\">\n\t\t\t\t<div class=\"elementor-widget-container\">\n\t\t\t\t\t<h1 class=\"elementor-heading-title elementor-size-default\">Orgullo Vermont: El \u00c9xito de Nuestros Egresados\n<\/h1>\t\t\t\t<\/div>\n\t\t\t\t<\/div>\n\t\t\t\t<div class=\"elementor-element elementor-element-4182dcc0 elementor-widget elementor-widget-text-editor\" data-id=\"4182dcc0\" data-element_type=\"widget\" data-e-type=\"widget\" data-widget_type=\"text-editor.default\">\n\t\t\t\t<div class=\"elementor-widget-container\">\n\t\t\t\t\t\t\t\t\t<p data-start=\"59\" data-end=\"493\" data-is-last-node=\"\" data-is-only-node=\"\">En <strong data-start=\"62\" data-end=\"80\">Vermont School<\/strong>, nos enorgullece ser parte del camino de nuestros egresados, acompa\u00f1\u00e1ndolos en su crecimiento personal, acad\u00e9mico y profesional.<\/p>\n<p data-start=\"59\" data-end=\"493\" data-is-last-node=\"\" data-is-only-node=\"\">Ver c\u00f3mo cada uno de ellos aplica los valores, el pensamiento cr\u00edtico y la visi\u00f3n global que adquirieron en nuestra instituci\u00f3n es nuestra mayor satisfacci\u00f3n. Por eso, seguimos apoy\u00e1ndolos, resaltando sus logros y celebrando su impacto en el mundo.&nbsp;<\/p><p data-start=\"59\" data-end=\"493\" data-is-last-node=\"\" data-is-only-node=\"\">100% Vermont<\/p>\t\t\t\t\t\t\t\t<\/div>\n\t\t\t\t<\/div>\n\t\t\t\t<\/div>\n\t\t<div class=\"elementor-element elementor-element-7fdcfcee e-con-full e-flex e-con e-child\" data-id=\"7fdcfcee\" data-element_type=\"container\" data-e-type=\"container\">\n\t\t\t\t<div class=\"elementor-element elementor-element-8efed56 elementor-widget elementor-widget-image\" data-id=\"8efed56\" data-element_type=\"widget\" data-e-type=\"widget\" data-widget_type=\"image.default\">\n\t\t\t\t<div class=\"elementor-widget-container\">\n\t\t\t\t\t\t\t\t\t\t\t\t\t\t\t<img decoding=\"async\" src=\"https:\/\/vermontmedellin.edu.co\/wp-content\/uploads\/sites\/35\/2025\/03\/GRADOS-2-e1740942147577.webp?w=1280\" title=\"GRADOS 2\" alt=\"GRADOS 2\" loading=\"lazy\" \/>\t\t\t\t\t\t\t\t\t\t\t\t\t\t\t<\/div>\n\t\t\t\t<\/div>\n\t\t\t\t<\/div>\n\t\t\t\t<\/div>\n\t\t\t\t<\/div>\n\t\t\t\t\t<\/div>\n\t\t\t\t<\/div>\n\t\t<div class=\"elementor-element elementor-element-2cac0072 e-flex e-con-boxed e-con e-parent\" data-id=\"2cac0072\" data-element_type=\"container\" data-e-type=\"container\" data-settings=\"{&quot;background_background&quot;:&quot;classic&quot;}\">\n\t\t\t\t\t<div class=\"e-con-inner\">\n\t\t\t\t<div class=\"elementor-element elementor-element-18a5930e elementor-widget elementor-widget-heading\" data-id=\"18a5930e\" data-element_type=\"widget\" data-e-type=\"widget\" id=\"preinscripcion\" data-widget_type=\"heading.default\">\n\t\t\t\t<div class=\"elementor-widget-container\">\n\t\t\t\t\t<h3 class=\"elementor-heading-title elementor-size-default\">\u00a1Actualiza tus datos!<\/h3>\t\t\t\t<\/div>\n\t\t\t\t<\/div>\n\t\t\t\t<div class=\"elementor-element elementor-element-9a6a023 elementor-widget elementor-widget-shortcode\" data-id=\"9a6a023\" data-element_type=\"widget\" data-e-type=\"widget\" data-widget_type=\"shortcode.default\">\n\t\t\t\t<div class=\"elementor-widget-container\">\n\t\t\t\t\t\t\t<div class=\"elementor-shortcode\"><div class=\"crm-html-wrapper\"><script charset=\"utf-8\" type=\"text\/javascript\" src=\"\/\/js.hsforms.net\/forms\/embed\/v2.js\"><\/script>\r\n<script>\r\n  hbspt.forms.create({\r\n    portalId: \"44984975\",\r\n    formId: \"2c49b945-e744-42a6-9b7e-49c52f9ef5c5\"\r\n  });\r\n<\/script><\/div><\/div>\n\t\t\t\t\t\t<\/div>\n\t\t\t\t<\/div>\n\t\t\t\t\t<\/div>\n\t\t\t\t<\/div>\n\t\t<div class=\"elementor-element elementor-element-7075e9f e-flex e-con-boxed e-con e-parent\" data-id=\"7075e9f\" data-element_type=\"container\" data-e-type=\"container\" data-settings=\"{&quot;background_background&quot;:&quot;classic&quot;}\">\n\t\t\t\t\t<div class=\"e-con-inner\">\n\t\t<div class=\"elementor-element elementor-element-50f5f5e e-con-full e-flex e-con e-child\" data-id=\"50f5f5e\" data-element_type=\"container\" data-e-type=\"container\">\n\t\t<div class=\"elementor-element elementor-element-3ffa3ec e-con-full e-flex e-con e-child\" data-id=\"3ffa3ec\" data-element_type=\"container\" data-e-type=\"container\">\n\t\t<div class=\"elementor-element elementor-element-dfee1f6 e-con-full e-flex e-con e-child\" data-id=\"dfee1f6\" data-element_type=\"container\" data-e-type=\"container\">\n\t\t\t\t<div class=\"elementor-element elementor-element-0db90bd elementor-widget elementor-widget-heading\" data-id=\"0db90bd\" data-element_type=\"widget\" data-e-type=\"widget\" data-widget_type=\"heading.default\">\n\t\t\t\t<div class=\"elementor-widget-container\">\n\t\t\t\t\t<h1 class=\"elementor-heading-title elementor-size-default\">Programa de Exalumnos\n<\/h1>\t\t\t\t<\/div>\n\t\t\t\t<\/div>\n\t\t\t\t<div class=\"elementor-element elementor-element-2fab01f elementor-widget elementor-widget-text-editor\" data-id=\"2fab01f\" data-element_type=\"widget\" data-e-type=\"widget\" data-widget_type=\"text-editor.default\">\n\t\t\t\t<div class=\"elementor-widget-container\">\n\t\t\t\t\t\t\t\t\t<p data-start=\"59\" data-end=\"493\" data-is-last-node=\"\" data-is-only-node=\"\"><strong>\u00a1Queremos que sigas siendo parte de nuestra familia!<\/strong><\/p><p>Vamos a conectar a la comunidad de egresados con su colegio, para que sea su primera opci\u00f3n de matr\u00edcula para sus hijos.<\/p><p><strong>Beneficio<\/strong>: Se otorgar\u00e1 un beneficio de gratuidad en la matr\u00edcula <strong>durante los a\u00f1os de preescola<\/strong>r a los hijos de exalumnos que se matriculen en cualquier colegio Redcol.<\/p><p>Adicional tambi\u00e9n podr\u00e1n contar con un beneficio del 50% de descuento en el rubro de la matr\u00edcula para los hijos que matriculen en <strong>los ciclos de primaria y secundaria.<\/strong><\/p>\t\t\t\t\t\t\t\t<\/div>\n\t\t\t\t<\/div>\n\t\t\t\t<\/div>\n\t\t<div class=\"elementor-element elementor-element-f7f5d5a e-con-full e-flex e-con e-child\" data-id=\"f7f5d5a\" data-element_type=\"container\" data-e-type=\"container\">\n\t\t\t\t<div class=\"elementor-element elementor-element-8172a0b elementor-widget elementor-widget-image\" data-id=\"8172a0b\" data-element_type=\"widget\" data-e-type=\"widget\" data-widget_type=\"image.default\">\n\t\t\t\t<div class=\"elementor-widget-container\">\n\t\t\t\t\t\t\t\t\t\t\t\t\t\t\t<img decoding=\"async\" src=\"https:\/\/vermontmedellin.edu.co\/wp-content\/uploads\/sites\/35\/2025\/03\/IMG_4967.jpg?w=2048\" title=\"IMG_4967\" alt=\"IMG_4967\" loading=\"lazy\" \/>\t\t\t\t\t\t\t\t\t\t\t\t\t\t\t<\/div>\n\t\t\t\t<\/div>\n\t\t\t\t<\/div>\n\t\t\t\t<\/div>\n\t\t\t\t<\/div>\n\t\t\t\t\t<\/div>\n\t\t\t\t<\/div>\n\t\t<div class=\"elementor-element elementor-element-57342ba8 e-flex e-con-boxed e-con e-parent\" data-id=\"57342ba8\" data-element_type=\"container\" data-e-type=\"container\" data-settings=\"{&quot;background_background&quot;:&quot;classic&quot;}\">\n\t\t\t\t\t<div class=\"e-con-inner\">\n\t\t<div class=\"elementor-element elementor-element-495b339e e-flex e-con-boxed e-con e-child\" data-id=\"495b339e\" data-element_type=\"container\" data-e-type=\"container\">\n\t\t\t\t\t<div class=\"e-con-inner\">\n\t\t<div class=\"elementor-element elementor-element-546335eb e-flex e-con-boxed e-con e-child\" data-id=\"546335eb\" data-element_type=\"container\" data-e-type=\"container\">\n\t\t\t\t\t<div class=\"e-con-inner\">\n\t\t\t\t<div class=\"elementor-element elementor-element-1d50e6e7 elementor-widget elementor-widget-heading\" data-id=\"1d50e6e7\" data-element_type=\"widget\" data-e-type=\"widget\" data-widget_type=\"heading.default\">\n\t\t\t\t<div class=\"elementor-widget-container\">\n\t\t\t\t\t<h2 class=\"elementor-heading-title elementor-size-default\">Siguientes pasos<\/h2>\t\t\t\t<\/div>\n\t\t\t\t<\/div>\n\t\t<div class=\"elementor-element elementor-element-256d8cc1 e-con-full e-flex e-con e-child\" data-id=\"256d8cc1\" data-element_type=\"container\" data-e-type=\"container\" data-settings=\"{&quot;background_background&quot;:&quot;classic&quot;}\">\n\t\t\t\t<div class=\"elementor-element elementor-element-19afd3f2 elementor-align-left elementor-widget__width-inherit elementor-widget elementor-widget-button\" data-id=\"19afd3f2\" data-element_type=\"widget\" data-e-type=\"widget\" data-widget_type=\"button.default\">\n\t\t\t\t<div class=\"elementor-widget-container\">\n\t\t\t\t\t\t\t\t\t<div class=\"elementor-button-wrapper\">\n\t\t\t\t\t<a class=\"elementor-button elementor-button-link elementor-size-xl\" href=\"https:\/\/vermontmedellin.edu.co\/es\/admisiones\/\">\n\t\t\t\t\t\t<span class=\"elementor-button-content-wrapper\">\n\t\t\t\t\t\t<span class=\"elementor-button-icon\">\n\t\t\t\t<svg aria-hidden=\"true\" class=\"e-font-icon-svg e-fas-user-graduate\" viewBox=\"0 0 448 512\" xmlns=\"http:\/\/www.w3.org\/2000\/svg\"><path d=\"M319.4 320.6L224 416l-95.4-95.4C57.1 323.7 0 382.2 0 454.4v9.6c0 26.5 21.5 48 48 48h352c26.5 0 48-21.5 48-48v-9.6c0-72.2-57.1-130.7-128.6-133.8zM13.6 79.8l6.4 1.5v58.4c-7 4.2-12 11.5-12 20.3 0 8.4 4.6 15.4 11.1 19.7L3.5 242c-1.7 6.9 2.1 14 7.6 14h41.8c5.5 0 9.3-7.1 7.6-14l-15.6-62.3C51.4 175.4 56 168.4 56 160c0-8.8-5-16.1-12-20.3V87.1l66 15.9c-8.6 17.2-14 36.4-14 57 0 70.7 57.3 128 128 128s128-57.3 128-128c0-20.6-5.3-39.8-14-57l96.3-23.2c18.2-4.4 18.2-27.1 0-31.5l-190.4-46c-13-3.1-26.7-3.1-39.7 0L13.6 48.2c-18.1 4.4-18.1 27.2 0 31.6z\"><\/path><\/svg>\t\t\t<\/span>\n\t\t\t\t\t\t\t\t\t<span class=\"elementor-button-text\">Admisiones<\/span>\n\t\t\t\t\t<\/span>\n\t\t\t\t\t<\/a>\n\t\t\t\t<\/div>\n\t\t\t\t\t\t\t\t<\/div>\n\t\t\t\t<\/div>\n\t\t\t\t<div class=\"elementor-element elementor-element-35f9e4c1 elementor-align-left elementor-widget__width-inherit elementor-widget elementor-widget-button\" data-id=\"35f9e4c1\" data-element_type=\"widget\" data-e-type=\"widget\" data-widget_type=\"button.default\">\n\t\t\t\t<div class=\"elementor-widget-container\">\n\t\t\t\t\t\t\t\t\t<div class=\"elementor-button-wrapper\">\n\t\t\t\t\t<a class=\"elementor-button elementor-button-link elementor-size-xl\" href=\"https:\/\/meetings.hubspot.com\/admisionesmedellin3\">\n\t\t\t\t\t\t<span class=\"elementor-button-content-wrapper\">\n\t\t\t\t\t\t<span class=\"elementor-button-icon\">\n\t\t\t\t<svg aria-hidden=\"true\" class=\"e-font-icon-svg e-fas-map-marked-alt\" viewBox=\"0 0 576 512\" xmlns=\"http:\/\/www.w3.org\/2000\/svg\"><path d=\"M288 0c-69.59 0-126 56.41-126 126 0 56.26 82.35 158.8 113.9 196.02 6.39 7.54 17.82 7.54 24.2 0C331.65 284.8 414 182.26 414 126 414 56.41 357.59 0 288 0zm0 168c-23.2 0-42-18.8-42-42s18.8-42 42-42 42 18.8 42 42-18.8 42-42 42zM20.12 215.95A32.006 32.006 0 0 0 0 245.66v250.32c0 11.32 11.43 19.06 21.94 14.86L160 448V214.92c-8.84-15.98-16.07-31.54-21.25-46.42L20.12 215.95zM288 359.67c-14.07 0-27.38-6.18-36.51-16.96-19.66-23.2-40.57-49.62-59.49-76.72v182l192 64V266c-18.92 27.09-39.82 53.52-59.49 76.72-9.13 10.77-22.44 16.95-36.51 16.95zm266.06-198.51L416 224v288l139.88-55.95A31.996 31.996 0 0 0 576 426.34V176.02c0-11.32-11.43-19.06-21.94-14.86z\"><\/path><\/svg>\t\t\t<\/span>\n\t\t\t\t\t\t\t\t\t<span class=\"elementor-button-text\">Agenda un recorrido Sede El Poblado<\/span>\n\t\t\t\t\t<\/span>\n\t\t\t\t\t<\/a>\n\t\t\t\t<\/div>\n\t\t\t\t\t\t\t\t<\/div>\n\t\t\t\t<\/div>\n\t\t\t\t<div class=\"elementor-element elementor-element-4302e184 elementor-align-left elementor-widget__width-inherit elementor-widget elementor-widget-button\" data-id=\"4302e184\" data-element_type=\"widget\" data-e-type=\"widget\" data-widget_type=\"button.default\">\n\t\t\t\t<div class=\"elementor-widget-container\">\n\t\t\t\t\t\t\t\t\t<div class=\"elementor-button-wrapper\">\n\t\t\t\t\t<a class=\"elementor-button elementor-button-link elementor-size-xl\" href=\"https:\/\/meetings.hubspot.com\/maria-clara7\">\n\t\t\t\t\t\t<span class=\"elementor-button-content-wrapper\">\n\t\t\t\t\t\t<span class=\"elementor-button-icon\">\n\t\t\t\t<svg aria-hidden=\"true\" class=\"e-font-icon-svg e-fas-award\" viewBox=\"0 0 384 512\" xmlns=\"http:\/\/www.w3.org\/2000\/svg\"><path d=\"M97.12 362.63c-8.69-8.69-4.16-6.24-25.12-11.85-9.51-2.55-17.87-7.45-25.43-13.32L1.2 448.7c-4.39 10.77 3.81 22.47 15.43 22.03l52.69-2.01L105.56 507c8 8.44 22.04 5.81 26.43-4.96l52.05-127.62c-10.84 6.04-22.87 9.58-35.31 9.58-19.5 0-37.82-7.59-51.61-21.37zM382.8 448.7l-45.37-111.24c-7.56 5.88-15.92 10.77-25.43 13.32-21.07 5.64-16.45 3.18-25.12 11.85-13.79 13.78-32.12 21.37-51.62 21.37-12.44 0-24.47-3.55-35.31-9.58L252 502.04c4.39 10.77 18.44 13.4 26.43 4.96l36.25-38.28 52.69 2.01c11.62.44 19.82-11.27 15.43-22.03zM263 340c15.28-15.55 17.03-14.21 38.79-20.14 13.89-3.79 24.75-14.84 28.47-28.98 7.48-28.4 5.54-24.97 25.95-45.75 10.17-10.35 14.14-25.44 10.42-39.58-7.47-28.38-7.48-24.42 0-52.83 3.72-14.14-.25-29.23-10.42-39.58-20.41-20.78-18.47-17.36-25.95-45.75-3.72-14.14-14.58-25.19-28.47-28.98-27.88-7.61-24.52-5.62-44.95-26.41-10.17-10.35-25-14.4-38.89-10.61-27.87 7.6-23.98 7.61-51.9 0-13.89-3.79-28.72.25-38.89 10.61-20.41 20.78-17.05 18.8-44.94 26.41-13.89 3.79-24.75 14.84-28.47 28.98-7.47 28.39-5.54 24.97-25.95 45.75-10.17 10.35-14.15 25.44-10.42 39.58 7.47 28.36 7.48 24.4 0 52.82-3.72 14.14.25 29.23 10.42 39.59 20.41 20.78 18.47 17.35 25.95 45.75 3.72 14.14 14.58 25.19 28.47 28.98C104.6 325.96 106.27 325 121 340c13.23 13.47 33.84 15.88 49.74 5.82a39.676 39.676 0 0 1 42.53 0c15.89 10.06 36.5 7.65 49.73-5.82zM97.66 175.96c0-53.03 42.24-96.02 94.34-96.02s94.34 42.99 94.34 96.02-42.24 96.02-94.34 96.02-94.34-42.99-94.34-96.02z\"><\/path><\/svg>\t\t\t<\/span>\n\t\t\t\t\t\t\t\t\t<span class=\"elementor-button-text\">Agenda un recorrido Sede El Retiro<\/span>\n\t\t\t\t\t<\/span>\n\t\t\t\t\t<\/a>\n\t\t\t\t<\/div>\n\t\t\t\t\t\t\t\t<\/div>\n\t\t\t\t<\/div>\n\t\t\t\t<\/div>\n\t\t\t\t\t<\/div>\n\t\t\t\t<\/div>\n\t\t\t\t\t<\/div>\n\t\t\t\t<\/div>\n\t\t\t\t\t<\/div>\n\t\t\t\t<\/div>\n\t\t\t\t<\/div>\n\t\t","protected":false},"excerpt":{"rendered":"<p>Orgullo Vermont: El \u00c9xito de Nuestros Egresados En Vermont School, nos enorgullece ser parte del camino de nuestros egresados, acompa\u00f1\u00e1ndolos en su crecimiento personal, acad\u00e9mico y profesional. Ver c\u00f3mo cada [&hellip;]<\/p>\n","protected":false},"author":15,"featured_media":0,"parent":0,"menu_order":0,"comment_status":"closed","ping_status":"closed","template":"","meta":{"_acf_changed":false,"content-type":"","footnotes":""},"class_list":["post-124356","page","type-page","status-publish","hentry"],"acf":[],"yoast_head":"<!-- This site is optimized with the Yoast SEO plugin v27.1.1 - https:\/\/yoast.com\/product\/yoast-seo-wordpress\/ -->\n<title>Exalumnos - Vermont School Medell\u00edn, un colegio Cognita Redcol - Colegio Vermont School Medellin<\/title>\n<meta name=\"robots\" content=\"index, follow, max-snippet:-1, max-image-preview:large, max-video-preview:-1\" \/>\n<link rel=\"canonical\" href=\"https:\/\/vermontmedellin.edu.co\/es\/exalumnos\/\" \/>\n<meta property=\"og:locale\" content=\"es_ES\" \/>\n<meta property=\"og:type\" content=\"article\" \/>\n<meta property=\"og:title\" content=\"Exalumnos - Vermont School Medell\u00edn, un colegio Cognita Redcol - Colegio Vermont School Medellin\" \/>\n<meta property=\"og:description\" content=\"Orgullo Vermont: El \u00c9xito de Nuestros Egresados En Vermont School, nos enorgullece ser parte del camino de nuestros egresados, acompa\u00f1\u00e1ndolos en su crecimiento personal, acad\u00e9mico y profesional. Ver c\u00f3mo cada [&hellip;]\" \/>\n<meta property=\"og:url\" content=\"https:\/\/vermontmedellin.edu.co\/es\/exalumnos\/\" \/>\n<meta property=\"og:site_name\" content=\"Vermont School Medell\u00edn, un colegio Cognita Redcol - Colegio Vermont School Medellin\" \/>\n<meta property=\"article:publisher\" content=\"https:\/\/www.facebook.com\/vermontschooloficial\" \/>\n<meta property=\"article:modified_time\" content=\"2025-03-05T04:56:42+00:00\" \/>\n<meta property=\"og:image\" content=\"https:\/\/vermontmedellin.edu.co\/wp-content\/uploads\/sites\/35\/2025\/03\/exalumnos-banner.jpg?w=2048\" \/>\n<meta name=\"twitter:card\" content=\"summary_large_image\" \/>\n<meta name=\"twitter:site\" content=\"@vermontschoolm\" \/>\n<meta name=\"twitter:label1\" content=\"Tiempo de lectura\" \/>\n\t<meta name=\"twitter:data1\" content=\"2 minutos\" \/>\n<script type=\"application\/ld+json\" class=\"yoast-schema-graph\">{\"@context\":\"https:\/\/schema.org\",\"@graph\":[{\"@type\":\"WebPage\",\"@id\":\"https:\/\/vermontmedellin.edu.co\/es\/exalumnos\/\",\"url\":\"https:\/\/vermontmedellin.edu.co\/es\/exalumnos\/\",\"name\":\"Exalumnos - Vermont School Medell\u00edn, un colegio Cognita Redcol - Colegio Vermont School Medellin\",\"isPartOf\":{\"@id\":\"https:\/\/vermontmedellin.edu.co\/es\/pt-br\/#website\"},\"primaryImageOfPage\":{\"@id\":\"https:\/\/vermontmedellin.edu.co\/es\/exalumnos\/#primaryimage\"},\"image\":{\"@id\":\"https:\/\/vermontmedellin.edu.co\/es\/exalumnos\/#primaryimage\"},\"thumbnailUrl\":\"https:\/\/vermontmedellin.edu.co\/wp-content\/uploads\/sites\/35\/2025\/03\/exalumnos-banner.jpg?w=2048\",\"datePublished\":\"2024-11-18T14:34:55+00:00\",\"dateModified\":\"2025-03-05T04:56:42+00:00\",\"breadcrumb\":{\"@id\":\"https:\/\/vermontmedellin.edu.co\/es\/exalumnos\/#breadcrumb\"},\"inLanguage\":\"es\",\"potentialAction\":[{\"@type\":\"ReadAction\",\"target\":[\"https:\/\/vermontmedellin.edu.co\/es\/exalumnos\/\"]}]},{\"@type\":\"ImageObject\",\"inLanguage\":\"es\",\"@id\":\"https:\/\/vermontmedellin.edu.co\/es\/exalumnos\/#primaryimage\",\"url\":\"https:\/\/vermontmedellin.edu.co\/wp-content\/uploads\/sites\/35\/2025\/03\/exalumnos-banner.jpg?w=2048\",\"contentUrl\":\"https:\/\/vermontmedellin.edu.co\/wp-content\/uploads\/sites\/35\/2025\/03\/exalumnos-banner.jpg?w=2048\"},{\"@type\":\"BreadcrumbList\",\"@id\":\"https:\/\/vermontmedellin.edu.co\/es\/exalumnos\/#breadcrumb\",\"itemListElement\":[{\"@type\":\"ListItem\",\"position\":1,\"name\":\"Home\",\"item\":\"https:\/\/vermontmedellin.edu.co\/es\/\"},{\"@type\":\"ListItem\",\"position\":2,\"name\":\"Exalumnos\"}]},{\"@type\":\"WebSite\",\"@id\":\"https:\/\/vermontmedellin.edu.co\/es\/pt-br\/#website\",\"url\":\"https:\/\/vermontmedellin.edu.co\/es\/pt-br\/\",\"name\":\"Vermont School Medell\u00edn, un colegio Cognita Redcol - Colegio Vermont School Medellin\",\"description\":\"Blog VermontSchool\",\"publisher\":{\"@id\":\"https:\/\/vermontmedellin.edu.co\/es\/pt-br\/#organization\"},\"potentialAction\":[{\"@type\":\"SearchAction\",\"target\":{\"@type\":\"EntryPoint\",\"urlTemplate\":\"https:\/\/vermontmedellin.edu.co\/es\/pt-br\/?s={search_term_string}\"},\"query-input\":{\"@type\":\"PropertyValueSpecification\",\"valueRequired\":true,\"valueName\":\"search_term_string\"}}],\"inLanguage\":\"es\"},{\"@type\":\"Organization\",\"@id\":\"https:\/\/vermontmedellin.edu.co\/es\/pt-br\/#organization\",\"name\":\"Vermont School Medell\u00edn, un colegio Cognita Redcol - Colegio Vermont School Medellin\",\"url\":\"https:\/\/vermontmedellin.edu.co\/es\/pt-br\/\",\"logo\":{\"@type\":\"ImageObject\",\"inLanguage\":\"es\",\"@id\":\"https:\/\/vermontmedellin.edu.co\/es\/pt-br\/#\/schema\/logo\/image\/\",\"url\":\"https:\/\/vermontmedellin.edu.co\/wp-content\/uploads\/sites\/35\/2024\/04\/vermont-logo-cropped.png\",\"contentUrl\":\"https:\/\/vermontmedellin.edu.co\/wp-content\/uploads\/sites\/35\/2024\/04\/vermont-logo-cropped.png\",\"width\":609,\"height\":328,\"caption\":\"Vermont School Medell\u00edn, un colegio Cognita Redcol - Colegio Vermont School Medellin\"},\"image\":{\"@id\":\"https:\/\/vermontmedellin.edu.co\/es\/pt-br\/#\/schema\/logo\/image\/\"},\"sameAs\":[\"https:\/\/www.facebook.com\/vermontschooloficial\",\"https:\/\/x.com\/vermontschoolm\",\"https:\/\/www.instagram.com\/vermontschooloficial\/\",\"https:\/\/www.youtube.com\/@VermontSchoolOficial\"]}]}<\/script>\n<!-- \/ Yoast SEO plugin. -->","yoast_head_json":{"title":"Exalumnos - Vermont School Medell\u00edn, un colegio Cognita Redcol - Colegio Vermont School Medellin","robots":{"index":"index","follow":"follow","max-snippet":"max-snippet:-1","max-image-preview":"max-image-preview:large","max-video-preview":"max-video-preview:-1"},"canonical":"https:\/\/vermontmedellin.edu.co\/es\/exalumnos\/","og_locale":"es_ES","og_type":"article","og_title":"Exalumnos - Vermont School Medell\u00edn, un colegio Cognita Redcol - Colegio Vermont School Medellin","og_description":"Orgullo Vermont: El \u00c9xito de Nuestros Egresados En Vermont School, nos enorgullece ser parte del camino de nuestros egresados, acompa\u00f1\u00e1ndolos en su crecimiento personal, acad\u00e9mico y profesional. Ver c\u00f3mo cada [&hellip;]","og_url":"https:\/\/vermontmedellin.edu.co\/es\/exalumnos\/","og_site_name":"Vermont School Medell\u00edn, un colegio Cognita Redcol - Colegio Vermont School Medellin","article_publisher":"https:\/\/www.facebook.com\/vermontschooloficial","article_modified_time":"2025-03-05T04:56:42+00:00","og_image":[{"url":"https:\/\/vermontmedellin.edu.co\/wp-content\/uploads\/sites\/35\/2025\/03\/exalumnos-banner.jpg?w=2048","type":"","width":"","height":""}],"twitter_card":"summary_large_image","twitter_site":"@vermontschoolm","twitter_misc":{"Tiempo de lectura":"2 minutos"},"schema":{"@context":"https:\/\/schema.org","@graph":[{"@type":"WebPage","@id":"https:\/\/vermontmedellin.edu.co\/es\/exalumnos\/","url":"https:\/\/vermontmedellin.edu.co\/es\/exalumnos\/","name":"Exalumnos - Vermont School Medell\u00edn, un colegio Cognita Redcol - Colegio Vermont School Medellin","isPartOf":{"@id":"https:\/\/vermontmedellin.edu.co\/es\/pt-br\/#website"},"primaryImageOfPage":{"@id":"https:\/\/vermontmedellin.edu.co\/es\/exalumnos\/#primaryimage"},"image":{"@id":"https:\/\/vermontmedellin.edu.co\/es\/exalumnos\/#primaryimage"},"thumbnailUrl":"https:\/\/vermontmedellin.edu.co\/wp-content\/uploads\/sites\/35\/2025\/03\/exalumnos-banner.jpg?w=2048","datePublished":"2024-11-18T14:34:55+00:00","dateModified":"2025-03-05T04:56:42+00:00","breadcrumb":{"@id":"https:\/\/vermontmedellin.edu.co\/es\/exalumnos\/#breadcrumb"},"inLanguage":"es","potentialAction":[{"@type":"ReadAction","target":["https:\/\/vermontmedellin.edu.co\/es\/exalumnos\/"]}]},{"@type":"ImageObject","inLanguage":"es","@id":"https:\/\/vermontmedellin.edu.co\/es\/exalumnos\/#primaryimage","url":"https:\/\/vermontmedellin.edu.co\/wp-content\/uploads\/sites\/35\/2025\/03\/exalumnos-banner.jpg?w=2048","contentUrl":"https:\/\/vermontmedellin.edu.co\/wp-content\/uploads\/sites\/35\/2025\/03\/exalumnos-banner.jpg?w=2048"},{"@type":"BreadcrumbList","@id":"https:\/\/vermontmedellin.edu.co\/es\/exalumnos\/#breadcrumb","itemListElement":[{"@type":"ListItem","position":1,"name":"Home","item":"https:\/\/vermontmedellin.edu.co\/es\/"},{"@type":"ListItem","position":2,"name":"Exalumnos"}]},{"@type":"WebSite","@id":"https:\/\/vermontmedellin.edu.co\/es\/pt-br\/#website","url":"https:\/\/vermontmedellin.edu.co\/es\/pt-br\/","name":"Vermont School Medell\u00edn, un colegio Cognita Redcol - Colegio Vermont School Medellin","description":"Blog VermontSchool","publisher":{"@id":"https:\/\/vermontmedellin.edu.co\/es\/pt-br\/#organization"},"potentialAction":[{"@type":"SearchAction","target":{"@type":"EntryPoint","urlTemplate":"https:\/\/vermontmedellin.edu.co\/es\/pt-br\/?s={search_term_string}"},"query-input":{"@type":"PropertyValueSpecification","valueRequired":true,"valueName":"search_term_string"}}],"inLanguage":"es"},{"@type":"Organization","@id":"https:\/\/vermontmedellin.edu.co\/es\/pt-br\/#organization","name":"Vermont School Medell\u00edn, un colegio Cognita Redcol - Colegio Vermont School Medellin","url":"https:\/\/vermontmedellin.edu.co\/es\/pt-br\/","logo":{"@type":"ImageObject","inLanguage":"es","@id":"https:\/\/vermontmedellin.edu.co\/es\/pt-br\/#\/schema\/logo\/image\/","url":"https:\/\/vermontmedellin.edu.co\/wp-content\/uploads\/sites\/35\/2024\/04\/vermont-logo-cropped.png","contentUrl":"https:\/\/vermontmedellin.edu.co\/wp-content\/uploads\/sites\/35\/2024\/04\/vermont-logo-cropped.png","width":609,"height":328,"caption":"Vermont School Medell\u00edn, un colegio Cognita Redcol - Colegio Vermont School Medellin"},"image":{"@id":"https:\/\/vermontmedellin.edu.co\/es\/pt-br\/#\/schema\/logo\/image\/"},"sameAs":["https:\/\/www.facebook.com\/vermontschooloficial","https:\/\/x.com\/vermontschoolm","https:\/\/www.instagram.com\/vermontschooloficial\/","https:\/\/www.youtube.com\/@VermontSchoolOficial"]}]}},"jetpack_sharing_enabled":true,"_links":{"self":[{"href":"https:\/\/vermontmedellin.edu.co\/es\/wp-json\/wp\/v2\/pages\/124356","targetHints":{"allow":["GET"]}}],"collection":[{"href":"https:\/\/vermontmedellin.edu.co\/es\/wp-json\/wp\/v2\/pages"}],"about":[{"href":"https:\/\/vermontmedellin.edu.co\/es\/wp-json\/wp\/v2\/types\/page"}],"author":[{"embeddable":true,"href":"https:\/\/vermontmedellin.edu.co\/es\/wp-json\/wp\/v2\/users\/15"}],"replies":[{"embeddable":true,"href":"https:\/\/vermontmedellin.edu.co\/es\/wp-json\/wp\/v2\/comments?post=124356"}],"version-history":[{"count":20,"href":"https:\/\/vermontmedellin.edu.co\/es\/wp-json\/wp\/v2\/pages\/124356\/revisions"}],"predecessor-version":[{"id":129772,"href":"https:\/\/vermontmedellin.edu.co\/es\/wp-json\/wp\/v2\/pages\/124356\/revisions\/129772"}],"wp:attachment":[{"href":"https:\/\/vermontmedellin.edu.co\/es\/wp-json\/wp\/v2\/media?parent=124356"}],"curies":[{"name":"wp","href":"https:\/\/api.w.org\/{rel}","templated":true}]}}